{"id":41108,"date":"2022-11-10T19:15:28","date_gmt":"2022-11-10T17:15:28","guid":{"rendered":"https:\/\/www.antoniadis.com.gr\/eshop\/?post_type=product&#038;p=41108"},"modified":"2022-11-10T19:15:29","modified_gmt":"2022-11-10T17:15:29","slug":"%ce%b2%ce%ac%cf%83%ce%b7%cf%82-%cf%84%ce%b7%ce%bb%ce%b5%cf%8c%cf%81%ce%b1%cf%83%ce%b7%cf%82-led-32-55-lp42-44st-brateck","status":"publish","type":"product","link":"https:\/\/www.antoniadis.com.gr\/eshop\/product\/%ce%b2%ce%ac%cf%83%ce%b7%cf%82-%cf%84%ce%b7%ce%bb%ce%b5%cf%8c%cf%81%ce%b1%cf%83%ce%b7%cf%82-led-32-55-lp42-44st-brateck\/","title":{"rendered":"\u0392\u03ac\u03c3\u03b7\u03c2 \u03c4\u03b7\u03bb\u03b5\u03cc\u03c1\u03b1\u03c3\u03b7\u03c2 LED 32-55&#8243; LP42-44ST Brateck"},"content":{"rendered":"<p>\u0395\u03c0\u03b9\u03c4\u03bf\u03af\u03c7\u03b9\u03b1 \u03b2\u03ac\u03c3\u03b7 \u03b2\u03b1\u03c1\u03ad\u03c9\u03c2 \u03c4\u03cd\u03c0\u03bf\u03c5 \u03b3\u03b9\u03b1 \u03bf\u03b8\u03cc\u03bd\u03b5\u03c2 \u03ba\u03b1\u03b9 \u03c4\u03b7\u03bb\u03b5\u03bf\u03c1\u03ac\u03c3\u03b5\u03b9\u03c2 \u03b1\u03c0\u03cc 32\u201d \u03ad\u03c9\u03c2 55\u201d \u03bc\u03b5 \u03b2\u03ac\u03c1\u03bf\u03c2 \u03bc\u03ad\u03c7\u03c1\u03b9 50kg. \u0391\u03c4\u03c3\u03b1\u03bb\u03ad\u03bd\u03b9\u03b1 \u03ba\u03b1\u03c4\u03b1\u03c3\u03ba\u03b5\u03c5\u03ae, \u03b5\u03cd\u03ba\u03bf\u03bb\u03b7 \u03b5\u03b3\u03ba\u03b1\u03c4\u03ac\u03c3\u03c4\u03b1\u03c3\u03b7, \u03c3\u03c4\u03b7 \u03c3\u03c5\u03c3\u03ba\u03b5\u03c5\u03b1\u03c3\u03af\u03b1 \u03c0\u03b1\u03c1\u03ad\u03c7\u03bf\u03bd\u03c4\u03b1\u03b9 \u03bf\u03b4\u03b7\u03b3\u03af\u03b5\u03c2 \u03ba\u03b1\u03b9 \u03cc\u03bb\u03b1 \u03c4\u03b1 \u03c5\u03bb\u03b9\u03ba\u03ac \u03c3\u03c5\u03bd\u03b1\u03c1\u03bc\u03bf\u03bb\u03cc\u03b3\u03b7\u03c3\u03b7\u03c2.<\/p>\n<ul>\n<li>\u03a7\u03c1\u03ce\u03bc\u03b1:\u00a0\u03bc\u03b1\u03cd\u03c1\u03bf<\/li>\n<li>\u0391\u03c0\u03cc\u03c3\u03c4\u03b1\u03c3\u03b7 \u0391\u03c0\u03cc \u03a4\u03bf\u03af\u03c7\u03bf: 40mm<\/li>\n<li>\u03a0\u03b5\u03c1\u03b9\u03c3\u03c4\u03c1\u03bf\u03c6\u03ae \u0392\u03ac\u03c3\u03b7\u03c2:\u00a0\u2013<\/li>\n<li>\u039a\u03bb\u03af\u03c3\u03b7 \u0392\u03ac\u03c3\u03b7\u03c2: \u00a0+5\u00b0 \uff5e\u00a0-10\u00b0<\/li>\n<li>\u03a0\u03b5\u03c1\u03b9\u03c3\u03c4\u03c1\u03bf\u03c6\u03ae \u039f\u03b8\u03cc\u03bd\u03b7\u03c2: \u2013<\/li>\n<li>VESA: 200\u00d7200, 300\u00d7200, 400\u00d7200, 400\u00d7300, 400&#215;400<\/li>\n<li>M\u03ad\u03b3\u03b9\u03c3\u03c4\u03bf \u0395\u03c0\u03b9\u03c4\u03c1\u03b5\u03c0\u03cc\u03bc\u03b5\u03bd\u03bf \u0392\u03ac\u03c1\u03bf\u03c2:\u00a050\u00a0kg<\/li>\n<\/ul>\n","protected":false},"excerpt":{"rendered":"<p>LP42-44ST BRATECK<\/p>\n","protected":false},"featured_media":41109,"comment_status":"open","ping_status":"closed","template":"","meta":{"site-sidebar-layout":"default","site-content-layout":"default","ast-site-content-layout":"default","site-content-style":"default","site-sidebar-style":"default","ast-global-header-display":"","ast-banner-title-visibility":"","ast-main-header-display":"","ast-hfb-above-header-display":"","ast-hfb-below-header-display":"","ast-hfb-mobile-header-display":"","site-post-title":"","ast-breadcrumbs-content":"","ast-featured-img":"","footer-sml-layout":"","ast-disable-related-posts":"","theme-transparent-header-meta":"default","adv-header-id-meta":"","stick-header-meta":"","header-above-stick-meta":"","header-main-stick-meta":"","header-below-stick-meta":"","astra-migrate-meta-layouts":"default","ast-page-background-enabled":"default","ast-page-background-meta":{"desktop":{"background-color":"","background-image":"","background-repeat":"repeat","background-position":"center center","background-size":"auto","background-attachment":"scroll","background-type":"","background-media":"","overlay-type":"","overlay-color":"","overlay-opacity":"","overlay-gradient":""},"tablet":{"background-color":"","background-image":"","background-repeat":"repeat","background-position":"center center","background-size":"auto","background-attachment":"scroll","background-type":"","background-media":"","overlay-type":"","overlay-color":"","overlay-opacity":"","overlay-gradient":""},"mobile":{"background-color":"","background-image":"","background-repeat":"repeat","background-position":"center center","background-size":"auto","background-attachment":"scroll","background-type":"","background-media":"","overlay-type":"","overlay-color":"","overlay-opacity":"","overlay-gradient":""}},"ast-content-background-meta":{"desktop":{"background-color":"var(--ast-global-color-5)","background-image":"","background-repeat":"repeat","background-position":"center center","background-size":"auto","background-attachment":"scroll","background-type":"","background-media":"","overlay-type":"","overlay-color":"","overlay-opacity":"","overlay-gradient":""},"tablet":{"background-color":"var(--ast-global-color-5)","background-image":"","background-repeat":"repeat","background-position":"center center","background-size":"auto","background-attachment":"scroll","background-type":"","background-media":"","overlay-type":"","overlay-color":"","overlay-opacity":"","overlay-gradient":""},"mobile":{"background-color":"var(--ast-global-color-5)","background-image":"","background-repeat":"repeat","background-position":"center center","background-size":"auto","background-attachment":"scroll","background-type":"","background-media":"","overlay-type":"","overlay-color":"","overlay-opacity":"","overlay-gradient":""}}},"product_brand":[],"product_cat":[39],"product_tag":[225],"class_list":{"0":"post-41108","1":"product","2":"type-product","3":"status-publish","4":"has-post-thumbnail","6":"product_cat--lcd-plasma","7":"product_tag-brateck","8":"desktop-align-left","9":"tablet-align-left","10":"mobile-align-left","12":"first","13":"instock","14":"taxable","15":"shipping-taxable","16":"purchasable","17":"product-type-simple"},"_links":{"self":[{"href":"https:\/\/www.antoniadis.com.gr\/eshop\/wp-json\/wp\/v2\/product\/41108","targetHints":{"allow":["GET"]}}],"collection":[{"href":"https:\/\/www.antoniadis.com.gr\/eshop\/wp-json\/wp\/v2\/product"}],"about":[{"href":"https:\/\/www.antoniadis.com.gr\/eshop\/wp-json\/wp\/v2\/types\/product"}],"replies":[{"embeddable":true,"href":"https:\/\/www.antoniadis.com.gr\/eshop\/wp-json\/wp\/v2\/comments?post=41108"}],"version-history":[{"count":1,"href":"https:\/\/www.antoniadis.com.gr\/eshop\/wp-json\/wp\/v2\/product\/41108\/revisions"}],"predecessor-version":[{"id":41110,"href":"https:\/\/www.antoniadis.com.gr\/eshop\/wp-json\/wp\/v2\/product\/41108\/revisions\/41110"}],"wp:featuredmedia":[{"embeddable":true,"href":"https:\/\/www.antoniadis.com.gr\/eshop\/wp-json\/wp\/v2\/media\/41109"}],"wp:attachment":[{"href":"https:\/\/www.antoniadis.com.gr\/eshop\/wp-json\/wp\/v2\/media?parent=41108"}],"wp:term":[{"taxonomy":"product_brand","embeddable":true,"href":"https:\/\/www.antoniadis.com.gr\/eshop\/wp-json\/wp\/v2\/product_brand?post=41108"},{"taxonomy":"product_cat","embeddable":true,"href":"https:\/\/www.antoniadis.com.gr\/eshop\/wp-json\/wp\/v2\/product_cat?post=41108"},{"taxonomy":"product_tag","embeddable":true,"href":"https:\/\/www.antoniadis.com.gr\/eshop\/wp-json\/wp\/v2\/product_tag?post=41108"}],"curies":[{"name":"wp","href":"https:\/\/api.w.org\/{rel}","templated":true}]}}